{"id":11,"date":"2021-09-28T19:34:52","date_gmt":"2021-09-28T19:34:52","guid":{"rendered":"https:\/\/maisquedocessada.gal\/?page_id=11"},"modified":"2021-09-28T19:34:52","modified_gmt":"2021-09-28T19:34:52","slug":"contacto","status":"publish","type":"page","link":"https:\/\/maisquedocessada.gal\/index.php\/contacto\/","title":{"rendered":"Contacto"},"content":{"rendered":"\n<p>Esta es una p\u00e1gina con informaci\u00f3n de contacto b\u00e1sica, como la direcci\u00f3n y el n\u00famero de tel\u00e9fono. Incluso puedes probar un plugin para a\u00f1adir un formulario de contacto.<\/p>\n","protected":false},"excerpt":{"rendered":"<p>Esta es una p\u00e1gina con informaci\u00f3n de contacto b\u00e1sica, como la direcci\u00f3n y el n\u00famero de tel\u00e9fono. Incluso puedes probar un plugin para a\u00f1adir un formulario de contacto.<\/p>\n","protected":false},"author":2,"featured_media":6,"parent":0,"menu_order":0,"comment_status":"closed","ping_status":"closed","template":"","meta":{"footnotes":""},"_links":{"self":[{"href":"https:\/\/maisquedocessada.gal\/index.php\/wp-json\/wp\/v2\/pages\/11"}],"collection":[{"href":"https:\/\/maisquedocessada.gal\/index.php\/wp-json\/wp\/v2\/pages"}],"about":[{"href":"https:\/\/maisquedocessada.gal\/index.php\/wp-json\/wp\/v2\/types\/page"}],"author":[{"embeddable":true,"href":"https:\/\/maisquedocessada.gal\/index.php\/wp-json\/wp\/v2\/users\/2"}],"replies":[{"embeddable":true,"href":"https:\/\/maisquedocessada.gal\/index.php\/wp-json\/wp\/v2\/comments?post=11"}],"version-history":[{"count":1,"href":"https:\/\/maisquedocessada.gal\/index.php\/wp-json\/wp\/v2\/pages\/11\/revisions"}],"predecessor-version":[{"id":20,"href":"https:\/\/maisquedocessada.gal\/index.php\/wp-json\/wp\/v2\/pages\/11\/revisions\/20"}],"wp:featuredmedia":[{"embeddable":true,"href":"https:\/\/maisquedocessada.gal\/index.php\/wp-json\/wp\/v2\/media\/6"}],"wp:attachment":[{"href":"https:\/\/maisquedocessada.gal\/index.php\/wp-json\/wp\/v2\/media?parent=11"}],"curies":[{"name":"wp","href":"https:\/\/api.w.org\/{rel}","templated":true}]}}