{"id":9,"date":"2021-09-28T19:34:52","date_gmt":"2021-09-28T19:34:52","guid":{"rendered":"https:\/\/maisquedocessada.gal\/?page_id=9"},"modified":"2021-09-28T19:39:38","modified_gmt":"2021-09-28T19:39:38","slug":"inicio","status":"publish","type":"page","link":"https:\/\/maisquedocessada.gal\/","title":{"rendered":""},"content":{"rendered":"\n<p>Obradoiro artes\u00e1n de repostar\u00eda creativa en Sada (A Coru\u00f1a)<\/p>\n","protected":false},"excerpt":{"rendered":"<p>Obradoiro artes\u00e1n de repostar\u00eda creativa en Sada (A Coru\u00f1a)<\/p>\n","protected":false},"author":2,"featured_media":0,"parent":0,"menu_order":0,"comment_status":"closed","ping_status":"closed","template":"","meta":{"footnotes":""},"_links":{"self":[{"href":"https:\/\/maisquedocessada.gal\/index.php\/wp-json\/wp\/v2\/pages\/9"}],"collection":[{"href":"https:\/\/maisquedocessada.gal\/index.php\/wp-json\/wp\/v2\/pages"}],"about":[{"href":"https:\/\/maisquedocessada.gal\/index.php\/wp-json\/wp\/v2\/types\/page"}],"author":[{"embeddable":true,"href":"https:\/\/maisquedocessada.gal\/index.php\/wp-json\/wp\/v2\/users\/2"}],"replies":[{"embeddable":true,"href":"https:\/\/maisquedocessada.gal\/index.php\/wp-json\/wp\/v2\/comments?post=9"}],"version-history":[{"count":5,"href":"https:\/\/maisquedocessada.gal\/index.php\/wp-json\/wp\/v2\/pages\/9\/revisions"}],"predecessor-version":[{"id":49,"href":"https:\/\/maisquedocessada.gal\/index.php\/wp-json\/wp\/v2\/pages\/9\/revisions\/49"}],"wp:attachment":[{"href":"https:\/\/maisquedocessada.gal\/index.php\/wp-json\/wp\/v2\/media?parent=9"}],"curies":[{"name":"wp","href":"https:\/\/api.w.org\/{rel}","templated":true}]}}